{"id":21718,"date":"2023-10-31T17:27:11","date_gmt":"2023-10-31T16:27:11","guid":{"rendered":"https:\/\/casachicbologna.it\/?post_type=product&#038;p=21718"},"modified":"2023-10-31T19:22:51","modified_gmt":"2023-10-31T18:22:51","slug":"album-fotografico-con-portafoto-in-argento","status":"publish","type":"product","link":"https:\/\/casachicbologna.it\/en\/album-fotografico-con-portafoto-in-argento\/","title":{"rendered":"Photo album with photo frame in 999 micro silver anniversary 25 years of marriage brand VALENTI Made in Italy"},"content":{"rendered":"<p>Bellissima e originale idea regalo per raccogliere i momenti pi\u00f9 belli dei\u00a0 25 anni di matrimonio.<\/p>\n<p>The new MIRO SILVER stamp guarantees that each item you purchase is part of an artisanal collection designed and produced TOTALLY IN ITALY. Each product is made with traditional manual processing using precious metals and top quality materials, obtained with the most cutting-edge technologies. MIRO SILVER is a new metal with a surface treatment that includes a layer of 999.95% PURE SILVER, obtained with PVD Physical Vapor Deposit technology, which gives the coating greater solidity and resistance to oxidation compared to common metal coatings precious.<\/p>\n<p>With warranty certificate.<\/p>\n<p>Photo size: cm. 12.9 x 17.9<\/p>\n<p>&nbsp;<\/p>","protected":false},"excerpt":{"rendered":"<p>Bellissima e originale idea regalo per raccogliere i momenti pi\u00f9 belli dei\u00a0 25 anni di matrimonio.<\/p>\n<p>The new MIRO SILVER stamp guarantees that each item you purchase is part of an artisanal collection designed and produced TOTALLY IN ITALY. Each product is made with traditional manual processing using precious metals and top quality materials, obtained with the most cutting-edge technologies. MIRO SILVER is a new metal with a surface treatment that includes a layer of 999.95% PURE SILVER, obtained with PVD Physical Vapor Deposit technology, which gives the coating greater solidity and resistance to oxidation compared to common metal coatings precious.<\/p>\n<p>With warranty certificate.<\/p>\n<p>Photo size: cm. 12.9 x 17.9<\/p>\n<p>&nbsp;<\/p>","protected":false},"featured_media":21666,"template":"","meta":[],"pwb-brand":[668],"product_cat":[673,666,671,665],"product_tag":[675],"class_list":{"0":"post-21718","1":"product","2":"type-product","3":"status-publish","4":"has-post-thumbnail","6":"pwb-brand-valenti","7":"product_cat-album-fotografico","8":"product_cat-argenteria","9":"product_cat-cornici","10":"product_cat-portafoto","11":"product_tag-album-fotografico","13":"first","14":"instock","15":"shipping-taxable","16":"purchasable","17":"product-type-simple"},"yoast_head":"<!-- This site is optimized with the Yoast SEO plugin v20.8 - https:\/\/yoast.com\/wordpress\/plugins\/seo\/ -->\n<title>Album fotografico con portafoto in argento 999 micro silver anniversario 25 anni di matrimonio marca VALENTI Made in Italy - Casa Chic Bologna<\/title>\n<meta name=\"robots\" content=\"index, follow, max-snippet:-1, max-image-preview:large, max-video-preview:-1\" \/>\n<link rel=\"canonical\" href=\"https:\/\/casachicbologna.it\/en\/album-fotografico-con-portafoto-in-argento\/\" \/>\n<meta property=\"og:locale\" content=\"en_GB\" \/>\n<meta property=\"og:type\" content=\"article\" \/>\n<meta property=\"og:title\" content=\"Album fotografico con portafoto in argento 999 micro silver anniversario 25 anni di matrimonio marca VALENTI Made in Italy - Casa Chic Bologna\" \/>\n<meta property=\"og:description\" content=\"Bellissima e originale idea regalo per raccogliere i momenti pi\u00f9 belli dei\u00a0 25 anni di matrimonio.  Il nuovo punzone MIRO SILVER garantisce che ogni articolo da voi acquistato fa parte di una collezione artigianale disegnato e prodotto TOTALMENTE IN ITALIA. Ogni prodotto \u00e8 realizzato con la tradizionale lavorazione manuale utilizzando metalli preziosi e materiali di prima qualit\u00e0, ottenuti con le tecnologie pi\u00f9 all&#039;avanguardia. Il MIRO SILVER \u00e8 un nuovo metallo con trattamento superficiale che include uno strato di ARGENTO PURO 999,95%, ottenuto con la tecnologia PVD Phisical Vapour Deposit, che conferisce al rivestimento una solidit\u00e0 e una resistenza all&#039;ossidazione maggiore rispetto ai comuni rivestimenti in metalli preziosi.  Con certificato di garanzia.  Misura foto: cm. 12.9 x 17.9  &nbsp;\" \/>\n<meta property=\"og:url\" content=\"https:\/\/casachicbologna.it\/en\/album-fotografico-con-portafoto-in-argento\/\" \/>\n<meta property=\"og:site_name\" content=\"Casa Chic Bologna\" \/>\n<meta property=\"article:modified_time\" content=\"2023-10-31T18:22:51+00:00\" \/>\n<meta property=\"og:image\" content=\"https:\/\/casachicbologna.it\/wp-content\/uploads\/2023\/10\/FullSizeRender_1.jpg\" \/>\n\t<meta property=\"og:image:width\" content=\"478\" \/>\n\t<meta property=\"og:image:height\" content=\"640\" \/>\n\t<meta property=\"og:image:type\" content=\"image\/jpeg\" \/>\n<meta name=\"twitter:card\" content=\"summary_large_image\" \/>\n<meta name=\"twitter:label1\" content=\"Estimated reading time\" \/>\n\t<meta name=\"twitter:data1\" content=\"1 minute\" \/>\n<script type=\"application\/ld+json\" class=\"yoast-schema-graph\">{\"@context\":\"https:\/\/schema.org\",\"@graph\":[{\"@type\":\"WebPage\",\"@id\":\"https:\/\/casachicbologna.it\/en\/album-fotografico-con-portafoto-in-argento\/\",\"url\":\"https:\/\/casachicbologna.it\/en\/album-fotografico-con-portafoto-in-argento\/\",\"name\":\"Album fotografico con portafoto in argento 999 micro silver anniversario 25 anni di matrimonio marca VALENTI Made in Italy - Casa Chic Bologna\",\"isPartOf\":{\"@id\":\"https:\/\/casachicbologna.it\/#website\"},\"datePublished\":\"2023-10-31T16:27:11+00:00\",\"dateModified\":\"2023-10-31T18:22:51+00:00\",\"breadcrumb\":{\"@id\":\"https:\/\/casachicbologna.it\/en\/album-fotografico-con-portafoto-in-argento\/#breadcrumb\"},\"inLanguage\":\"en-GB\",\"potentialAction\":[{\"@type\":\"ReadAction\",\"target\":[\"https:\/\/casachicbologna.it\/en\/album-fotografico-con-portafoto-in-argento\/\"]}]},{\"@type\":\"BreadcrumbList\",\"@id\":\"https:\/\/casachicbologna.it\/en\/album-fotografico-con-portafoto-in-argento\/#breadcrumb\",\"itemListElement\":[{\"@type\":\"ListItem\",\"position\":1,\"name\":\"Home\",\"item\":\"https:\/\/casachicbologna.it\/\"},{\"@type\":\"ListItem\",\"position\":2,\"name\":\"Catalogo\",\"item\":\"https:\/\/casachicbologna.it\/catalogo\/\"},{\"@type\":\"ListItem\",\"position\":3,\"name\":\"Album fotografico con portafoto in argento 999 micro silver anniversario 25 anni di matrimonio marca VALENTI Made in Italy\"}]},{\"@type\":\"WebSite\",\"@id\":\"https:\/\/casachicbologna.it\/#website\",\"url\":\"https:\/\/casachicbologna.it\/\",\"name\":\"Casa Chic Bologna\",\"description\":\"Casalinghi Bologna, Lista Nozze Bologna\",\"publisher\":{\"@id\":\"https:\/\/casachicbologna.it\/#organization\"},\"potentialAction\":[{\"@type\":\"SearchAction\",\"target\":{\"@type\":\"EntryPoint\",\"urlTemplate\":\"https:\/\/casachicbologna.it\/?s={search_term_string}\"},\"query-input\":\"required name=search_term_string\"}],\"inLanguage\":\"en-GB\"},{\"@type\":\"Organization\",\"@id\":\"https:\/\/casachicbologna.it\/#organization\",\"name\":\"Casa Chic Bologna\",\"url\":\"https:\/\/casachicbologna.it\/\",\"logo\":{\"@type\":\"ImageObject\",\"inLanguage\":\"en-GB\",\"@id\":\"https:\/\/casachicbologna.it\/#\/schema\/logo\/image\/\",\"url\":\"https:\/\/casachicbologna.it\/wp-content\/uploads\/2023\/07\/cropped-20151122192822-298.png\",\"contentUrl\":\"https:\/\/casachicbologna.it\/wp-content\/uploads\/2023\/07\/cropped-20151122192822-298.png\",\"width\":400,\"height\":96,\"caption\":\"Casa Chic Bologna\"},\"image\":{\"@id\":\"https:\/\/casachicbologna.it\/#\/schema\/logo\/image\/\"}}]}<\/script>\n<!-- \/ Yoast SEO plugin. -->","yoast_head_json":{"title":"Album fotografico con portafoto in argento 999 micro silver anniversario 25 anni di matrimonio marca VALENTI Made in Italy - Casa Chic Bologna","robots":{"index":"index","follow":"follow","max-snippet":"max-snippet:-1","max-image-preview":"max-image-preview:large","max-video-preview":"max-video-preview:-1"},"canonical":"https:\/\/casachicbologna.it\/en\/album-fotografico-con-portafoto-in-argento\/","og_locale":"en_GB","og_type":"article","og_title":"Album fotografico con portafoto in argento 999 micro silver anniversario 25 anni di matrimonio marca VALENTI Made in Italy - Casa Chic Bologna","og_description":"Bellissima e originale idea regalo per raccogliere i momenti pi\u00f9 belli dei\u00a0 25 anni di matrimonio.  Il nuovo punzone MIRO SILVER garantisce che ogni articolo da voi acquistato fa parte di una collezione artigianale disegnato e prodotto TOTALMENTE IN ITALIA. Ogni prodotto \u00e8 realizzato con la tradizionale lavorazione manuale utilizzando metalli preziosi e materiali di prima qualit\u00e0, ottenuti con le tecnologie pi\u00f9 all'avanguardia. Il MIRO SILVER \u00e8 un nuovo metallo con trattamento superficiale che include uno strato di ARGENTO PURO 999,95%, ottenuto con la tecnologia PVD Phisical Vapour Deposit, che conferisce al rivestimento una solidit\u00e0 e una resistenza all'ossidazione maggiore rispetto ai comuni rivestimenti in metalli preziosi.  Con certificato di garanzia.  Misura foto: cm. 12.9 x 17.9  &nbsp;","og_url":"https:\/\/casachicbologna.it\/en\/album-fotografico-con-portafoto-in-argento\/","og_site_name":"Casa Chic Bologna","article_modified_time":"2023-10-31T18:22:51+00:00","og_image":[{"width":478,"height":640,"url":"https:\/\/casachicbologna.it\/wp-content\/uploads\/2023\/10\/FullSizeRender_1.jpg","type":"image\/jpeg"}],"twitter_card":"summary_large_image","twitter_misc":{"Estimated reading time":"1 minute"},"schema":{"@context":"https:\/\/schema.org","@graph":[{"@type":"WebPage","@id":"https:\/\/casachicbologna.it\/en\/album-fotografico-con-portafoto-in-argento\/","url":"https:\/\/casachicbologna.it\/en\/album-fotografico-con-portafoto-in-argento\/","name":"Album fotografico con portafoto in argento 999 micro silver anniversario 25 anni di matrimonio marca VALENTI Made in Italy - Casa Chic Bologna","isPartOf":{"@id":"https:\/\/casachicbologna.it\/#website"},"datePublished":"2023-10-31T16:27:11+00:00","dateModified":"2023-10-31T18:22:51+00:00","breadcrumb":{"@id":"https:\/\/casachicbologna.it\/en\/album-fotografico-con-portafoto-in-argento\/#breadcrumb"},"inLanguage":"en-GB","potentialAction":[{"@type":"ReadAction","target":["https:\/\/casachicbologna.it\/en\/album-fotografico-con-portafoto-in-argento\/"]}]},{"@type":"BreadcrumbList","@id":"https:\/\/casachicbologna.it\/en\/album-fotografico-con-portafoto-in-argento\/#breadcrumb","itemListElement":[{"@type":"ListItem","position":1,"name":"Home","item":"https:\/\/casachicbologna.it\/"},{"@type":"ListItem","position":2,"name":"Catalogo","item":"https:\/\/casachicbologna.it\/catalogo\/"},{"@type":"ListItem","position":3,"name":"Album fotografico con portafoto in argento 999 micro silver anniversario 25 anni di matrimonio marca VALENTI Made in Italy"}]},{"@type":"WebSite","@id":"https:\/\/casachicbologna.it\/#website","url":"https:\/\/casachicbologna.it\/","name":"Casa Chic Bologna","description":"Housewares Bologna, Wedding List Bologna","publisher":{"@id":"https:\/\/casachicbologna.it\/#organization"},"potentialAction":[{"@type":"SearchAction","target":{"@type":"EntryPoint","urlTemplate":"https:\/\/casachicbologna.it\/?s={search_term_string}"},"query-input":"required name=search_term_string"}],"inLanguage":"en-GB"},{"@type":"Organization","@id":"https:\/\/casachicbologna.it\/#organization","name":"Casa Chic Bologna","url":"https:\/\/casachicbologna.it\/","logo":{"@type":"ImageObject","inLanguage":"en-GB","@id":"https:\/\/casachicbologna.it\/#\/schema\/logo\/image\/","url":"https:\/\/casachicbologna.it\/wp-content\/uploads\/2023\/07\/cropped-20151122192822-298.png","contentUrl":"https:\/\/casachicbologna.it\/wp-content\/uploads\/2023\/07\/cropped-20151122192822-298.png","width":400,"height":96,"caption":"Casa Chic Bologna"},"image":{"@id":"https:\/\/casachicbologna.it\/#\/schema\/logo\/image\/"}}]}},"brands":[{"id":668,"name":"VALENTI","slug":"valenti"}],"_links":{"self":[{"href":"https:\/\/casachicbologna.it\/en\/wp-json\/wp\/v2\/product\/21718","targetHints":{"allow":["GET"]}}],"collection":[{"href":"https:\/\/casachicbologna.it\/en\/wp-json\/wp\/v2\/product"}],"about":[{"href":"https:\/\/casachicbologna.it\/en\/wp-json\/wp\/v2\/types\/product"}],"version-history":[{"count":6,"href":"https:\/\/casachicbologna.it\/en\/wp-json\/wp\/v2\/product\/21718\/revisions"}],"predecessor-version":[{"id":21737,"href":"https:\/\/casachicbologna.it\/en\/wp-json\/wp\/v2\/product\/21718\/revisions\/21737"}],"wp:featuredmedia":[{"embeddable":true,"href":"https:\/\/casachicbologna.it\/en\/wp-json\/wp\/v2\/media\/21666"}],"wp:attachment":[{"href":"https:\/\/casachicbologna.it\/en\/wp-json\/wp\/v2\/media?parent=21718"}],"wp:term":[{"taxonomy":"pwb-brand","embeddable":true,"href":"https:\/\/casachicbologna.it\/en\/wp-json\/wp\/v2\/pwb-brand?post=21718"},{"taxonomy":"product_cat","embeddable":true,"href":"https:\/\/casachicbologna.it\/en\/wp-json\/wp\/v2\/product_cat?post=21718"},{"taxonomy":"product_tag","embeddable":true,"href":"https:\/\/casachicbologna.it\/en\/wp-json\/wp\/v2\/product_tag?post=21718"}],"curies":[{"name":"wp","href":"https:\/\/api.w.org\/{rel}","templated":true}]}}